{"id":177,"date":"2023-03-23T09:57:59","date_gmt":"2023-03-23T08:57:59","guid":{"rendered":"https:\/\/sarah.knop.family\/?page_id=177"},"modified":"2024-12-15T17:59:37","modified_gmt":"2024-12-15T16:59:37","slug":"personaltraining","status":"publish","type":"page","link":"https:\/\/www.sarah-herzlich.de\/?page_id=177","title":{"rendered":"Personaltraining"},"content":{"rendered":"\n<p>Sie haben keine Lust in ein \u00fcberf\u00fclltes Fitnessstudio zu gehen und dort standardisierte Kurse zu besuchen weil Ihnen danach alles weh tut und Sie sich kein bisschen besser f\u00fchlen?<\/p>\n\n\n\n<p>Ich komme zu Ihnen nach Hause und erarbeite f\u00fcr Sie ein individuell auf Ihre Bed\u00fcrfnisse ausgerichtetes Bewegungsprogramm. Sie brauchen dazu keinerlei Ger\u00e4te oder Hilfsmittel, nur die Motivation durch Bewegung Ihre Gesundheit zu verbessern.<\/p>\n\n\n\n<p>Melden Sie sich unverbindlich bei mir und ich komme zu einem pers\u00f6nlichen Kennenlernen vorbei. <\/p>\n","protected":false},"excerpt":{"rendered":"<p>Sie haben keine Lust in ein \u00fcberf\u00fclltes Fitnessstudio zu gehen und dort standardisierte Kurse zu besuchen weil Ihnen danach alles weh tut und Sie sich &hellip; <\/p>\n","protected":false},"author":2,"featured_media":0,"parent":0,"menu_order":0,"comment_status":"closed","ping_status":"closed","template":"","meta":{"footnotes":""},"_links":{"self":[{"href":"https:\/\/www.sarah-herzlich.de\/index.php?rest_route=\/wp\/v2\/pages\/177"}],"collection":[{"href":"https:\/\/www.sarah-herzlich.de\/index.php?rest_route=\/wp\/v2\/pages"}],"about":[{"href":"https:\/\/www.sarah-herzlich.de\/index.php?rest_route=\/wp\/v2\/types\/page"}],"author":[{"embeddable":true,"href":"https:\/\/www.sarah-herzlich.de\/index.php?rest_route=\/wp\/v2\/users\/2"}],"replies":[{"embeddable":true,"href":"https:\/\/www.sarah-herzlich.de\/index.php?rest_route=%2Fwp%2Fv2%2Fcomments&post=177"}],"version-history":[{"count":2,"href":"https:\/\/www.sarah-herzlich.de\/index.php?rest_route=\/wp\/v2\/pages\/177\/revisions"}],"predecessor-version":[{"id":396,"href":"https:\/\/www.sarah-herzlich.de\/index.php?rest_route=\/wp\/v2\/pages\/177\/revisions\/396"}],"wp:attachment":[{"href":"https:\/\/www.sarah-herzlich.de\/index.php?rest_route=%2Fwp%2Fv2%2Fmedia&parent=177"}],"curies":[{"name":"wp","href":"https:\/\/api.w.org\/{rel}","templated":true}]}}