{"id":252,"date":"2023-05-03T20:32:15","date_gmt":"2023-05-03T18:32:15","guid":{"rendered":"https:\/\/www.sarah-herzlich.de\/?page_id=252"},"modified":"2025-04-13T13:42:28","modified_gmt":"2025-04-13T11:42:28","slug":"aus-freude-an-bewegung","status":"publish","type":"page","link":"https:\/\/www.sarah-herzlich.de\/","title":{"rendered":"Aus Freude an Bewegung"},"content":{"rendered":"\n<p><\/p>\n\n\n\n<div class=\"wp-block-columns is-layout-flex wp-container-core-columns-is-layout-1 wp-block-columns-is-layout-flex\">\n<div class=\"wp-block-column is-layout-flow wp-block-column-is-layout-flow\" style=\"flex-basis:50%\">\n<p>Willkommen auf meiner Homepage. Mein Name ist Sarah Herzlich und ich bin Sozialp\u00e4dagogin, Qi-Gong- und Yoga-Lehrerin, Faszientrainerin, Reha-Sport-Leiterin und seit 2024 auch \u00e4rztlich gepr\u00fcfte Fastenleiterin.<br><br>Mein Ziel ist es etwas aktiv zu Ihrer Gesundheit beizutragen und dabei auf Ihre individuellen Bed\u00fcrfnisse einzugehen. Egal, was Ihr Ziel ist: Ich bin ich mir sicher, wir finden einen Weg um es gemeinsam zu erreichen.<\/p>\n\n\n\n<p>Ich biete sowohl Gruppenkurse, Einzelkurse und Workshops an. Mein Angebot umfasst Reisen zum Thema Fasten, Qi-Gong, Yoga, Reha-Sport, Anti-Stress-Programme, sowie Bewegung zur St\u00e4rkung der Mitte.<\/p>\n\n\n\n<p>Nat\u00fcrlich k\u00f6nnen auch verschiedene Elemente miteinander kombiniert werden, je nachdem, was f\u00fcr Sie pers\u00f6nlich am sinnvollsten ist.<\/p>\n\n\n\n<p>Haben Sie Interesse mit Freude an Bewegung ihr Leben zu verbessern? Gerne beantworte ich Ihre Fragen telefonisch (0162 \/ 28 21 611) oder schriftlich per E-Mail an <a href=\"mailto:info@sarah-herzlich.de\">info@sarah-herzlich.de<\/a>.<\/p>\n\n\n\n<div class=\"wp-block-group\"><div class=\"wp-block-group__inner-container is-layout-constrained wp-block-group-is-layout-constrained\">\n<p>Ich freue mich auf Sie.<\/p>\n<\/div><\/div>\n\n\n\n<p><\/p>\n<\/div>\n\n\n\n<div class=\"wp-block-column is-layout-flow wp-block-column-is-layout-flow\" style=\"flex-basis:40%\">\n<p class=\"has-text-color\" style=\"color:#94b07d\"><strong>Reisen<\/strong><\/p>\n\n\n\n<p>Wandern, <strong>Yoga, Qi Gong &amp; Fasten oder Basenfasten im Kloster<\/strong><br>Kloster Waldbreitenbach &#8211; fasteninfos.de<br><a href=\"mailto:info@sarah-herzlich.de\">Jetzt Anfrage senden<\/a> oder <a href=\"https:\/\/fasteninfos.de\/fasten-wandern-yoga-kloster-waldbreitbach-westerwald-2\/\">mehr erfahren<\/a><br><\/p>\n\n\n\n<p class=\"has-text-color\" style=\"color:#94b07d\"><br><strong>Angebote<\/strong> <strong>im Raum Darmstadt<\/strong><\/p>\n\n\n\n<p><strong>Reha Sport<\/strong> in Seeheim: <br>Orthop\u00e4die: Mittwochs &#8211; 17:30 bis 18:30 Herzsport: Donnerstags 11:00 bis 12:00 <br>VSG Seeheim-Jugenheim e.V.<br>Tannenbergstr. 16, Seeheim<br>Einstieg nach Anfrage m\u00f6glich<\/p>\n\n\n\n<p><strong>Personaltraining bei Ihnen zu Hause<\/strong><br>Montag bis Samstag nach Vereinbarung<br>Anfragen nehme ich gerne an<\/p>\n\n\n\n<p><\/p>\n<\/div>\n<\/div>\n","protected":false},"excerpt":{"rendered":"<p>Willkommen auf meiner Homepage. Mein Name ist Sarah Herzlich und ich bin Sozialp\u00e4dagogin, Qi-Gong- und Yoga-Lehrerin, Faszientrainerin, Reha-Sport-Leiterin und seit 2024 auch \u00e4rztlich gepr\u00fcfte Fastenleiterin. &hellip; <\/p>\n","protected":false},"author":1,"featured_media":0,"parent":0,"menu_order":0,"comment_status":"closed","ping_status":"closed","template":"","meta":{"footnotes":""},"_links":{"self":[{"href":"https:\/\/www.sarah-herzlich.de\/index.php?rest_route=\/wp\/v2\/pages\/252"}],"collection":[{"href":"https:\/\/www.sarah-herzlich.de\/index.php?rest_route=\/wp\/v2\/pages"}],"about":[{"href":"https:\/\/www.sarah-herzlich.de\/index.php?rest_route=\/wp\/v2\/types\/page"}],"author":[{"embeddable":true,"href":"https:\/\/www.sarah-herzlich.de\/index.php?rest_route=\/wp\/v2\/users\/1"}],"replies":[{"embeddable":true,"href":"https:\/\/www.sarah-herzlich.de\/index.php?rest_route=%2Fwp%2Fv2%2Fcomments&post=252"}],"version-history":[{"count":16,"href":"https:\/\/www.sarah-herzlich.de\/index.php?rest_route=\/wp\/v2\/pages\/252\/revisions"}],"predecessor-version":[{"id":402,"href":"https:\/\/www.sarah-herzlich.de\/index.php?rest_route=\/wp\/v2\/pages\/252\/revisions\/402"}],"wp:attachment":[{"href":"https:\/\/www.sarah-herzlich.de\/index.php?rest_route=%2Fwp%2Fv2%2Fmedia&parent=252"}],"curies":[{"name":"wp","href":"https:\/\/api.w.org\/{rel}","templated":true}]}}